{"id":90,"date":"2025-10-16T13:01:39","date_gmt":"2025-10-16T10:01:39","guid":{"rendered":"https:\/\/eckerolink.com\/aloitussivu\/"},"modified":"2026-02-25T15:53:16","modified_gmt":"2026-02-25T13:53:16","slug":"aloitussivu","status":"publish","type":"page","link":"https:\/\/eckerolink.com\/fi\/","title":{"rendered":"Aloitussivu"},"content":{"rendered":"<div id='full_slider_1'  class='avia-fullwidth-slider main_color avia-shadow   avia-builder-el-0  el_before_av_section  avia-builder-el-first   container_wrap fullsize'  ><div  class='avia-slideshow av-mgtfoefd-c892d4b8ca276a1d9c6c618692e30e1b avia-slideshow-featured_large av_slideshow_full avia-slide-slider av-slideshow-ui av-control-default av-slideshow-manual av-loop-once av-loop-manual-endless av-default-height-applied   avia-slideshow-1' data-slideshow-options=\"{&quot;animation&quot;:&quot;slide&quot;,&quot;autoplay&quot;:false,&quot;loop_autoplay&quot;:&quot;once&quot;,&quot;interval&quot;:5,&quot;loop_manual&quot;:&quot;manual-endless&quot;,&quot;autoplay_stopper&quot;:false,&quot;noNavigation&quot;:false,&quot;bg_slider&quot;:false,&quot;keep_padding&quot;:false,&quot;hoverpause&quot;:false,&quot;show_slide_delay&quot;:0}\"  itemprop=\"image\" itemscope=\"itemscope\" itemtype=\"https:\/\/schema.org\/ImageObject\" ><ul class='avia-slideshow-inner ' style='padding-bottom: 42%;'><li  class='avia-slideshow-slide av-mgtfoefd-c892d4b8ca276a1d9c6c618692e30e1b__0  av-single-slide slide-1 slide-odd'><div data-rel='slideshow-1' class='avia-slide-wrap '   ><img decoding=\"async\" fetchpriority=\"high\" class=\"wp-image-217 avia-img-lazy-loading-not-217\"  src=\"https:\/\/eckerolink.com\/wp-content\/uploads\/2026\/02\/Fjardvagen-Langnas-2-1500x630.jpg\" width=\"1500\" height=\"630\" title='Fjardvagen-Langnas' alt=''  itemprop=\"thumbnailUrl\"   \/><\/div><\/li><\/ul><\/div><\/div>\n\n<style type=\"text\/css\" data-created_by=\"avia_inline_auto\" id=\"style-css-av-mgyuba2y-d87fc53a0b36166f43c24af381921064\">\n.avia-section.av-mgyuba2y-d87fc53a0b36166f43c24af381921064{\nbackground-color:#efefef;\nbackground-image:unset;\n}\n<\/style>\n<div id='av_section_1'  class='avia-section av-mgyuba2y-d87fc53a0b36166f43c24af381921064 main_color avia-section-default avia-no-border-styling  avia-builder-el-1  el_after_av_slideshow_full  el_before_av_codeblock  avia-bg-style-scroll container_wrap fullsize'  ><div class='container av-section-cont-open' ><div class='template-page content  av-content-full alpha units'><div class='post-entry post-entry-type-page post-entry-90'><div class='entry-content-wrapper clearfix'>\n\n<style type=\"text\/css\" data-created_by=\"avia_inline_auto\" id=\"style-css-av-mgtfoy4l-e47a5596c1f6b79528dd3d2053c7686f\">\n#top .av-special-heading.av-mgtfoy4l-e47a5596c1f6b79528dd3d2053c7686f{\npadding-bottom:10px;\n}\nbody .av-special-heading.av-mgtfoy4l-e47a5596c1f6b79528dd3d2053c7686f .av-special-heading-tag .heading-char{\nfont-size:25px;\n}\n.av-special-heading.av-mgtfoy4l-e47a5596c1f6b79528dd3d2053c7686f .av-subheading{\nfont-size:15px;\n}\n<\/style>\n<div  class='av-special-heading av-mgtfoy4l-e47a5596c1f6b79528dd3d2053c7686f av-special-heading-h1 blockquote elegant-quote elegant-centered  avia-builder-el-2  el_before_av_one_fourth  avia-builder-el-first '><h1 class='av-special-heading-tag '  itemprop=\"headline\"  ><span class=\"heading-wrap\">Ecker\u00f6 Link &#8211; Fj\u00e4rdv\u00e4gen<\/span><\/h1><div class=\"special-heading-border\"><div class=\"special-heading-inner-border\"><\/div><\/div><\/div>\n<div class='flex_column_table av-209kf-0acfe08827580d0f3c6ee3b13af2280e sc-av_one_fourth av-equal-height-column-flextable'>\n<style type=\"text\/css\" data-created_by=\"avia_inline_auto\" id=\"style-css-av-209kf-0acfe08827580d0f3c6ee3b13af2280e\">\n.flex_column.av-209kf-0acfe08827580d0f3c6ee3b13af2280e{\nborder-radius:8px 8px 8px 8px;\npadding:12px 12px 12px 12px;\nbackground-color:#efefef;\n}\n<\/style>\n<div  class='flex_column av-209kf-0acfe08827580d0f3c6ee3b13af2280e av_one_fourth  avia-builder-el-3  el_after_av_heading  el_before_av_one_half  first flex_column_table_cell av-equal-height-column av-align-top  '     ><section  class='av_textblock_section av-mgtfzd1l-56474cda45912e366114635408fcac24 '   itemscope=\"itemscope\" itemtype=\"https:\/\/schema.org\/CreativeWork\" ><div class='avia_textblock'  itemprop=\"text\" ><h2>MS Fj\u00e4rdv\u00e4gen<\/h2>\n<p>\n<style type=\"text\/css\" data-created_by=\"avia_inline_auto\" id=\"style-css-av-av_font_icon-be9f2781a87eb134f43ffccf4d860de5\">\n.av_font_icon.av-av_font_icon-be9f2781a87eb134f43ffccf4d860de5 .av-icon-char{\nfont-size:24px;\nline-height:24px;\n}\n<\/style>\n<span  class='av_font_icon av-av_font_icon-be9f2781a87eb134f43ffccf4d860de5 avia_animate_when_visible av-icon-style- avia-icon-pos-left avia-iconfont avia-font-entypo-fontello av-no-color avia-icon-animate'><span class='av-icon-char' data-av_icon='\ue854' data-av_iconfont='entypo-fontello' aria-hidden=\"true\" ><\/span><\/span> <a href=\"tel:+358408094612\"><span data-teams=\"true\">+358 408094612<\/span><\/a><\/p>\n<p>S\u00e4hk\u00f6posti: <a href=\"mailto:bridge.fjardvagen@eckerolink.com\"><span data-teams=\"true\">bridge.fjardvagen@eckerolink.com<\/span><\/a><\/p>\n<\/div><\/section><br \/>\n<section  class='av_textblock_section av-mgtgc7dz-2ff32bd8c9eef1b0dfd2c7453ff7fe4e '   itemscope=\"itemscope\" itemtype=\"https:\/\/schema.org\/CreativeWork\" ><div class='avia_textblock'  itemprop=\"text\" ><h3>Varaukset<\/h3>\n<p>Maanantaista perjantaihin klo 08:00-16:00.<\/p>\n<p>Puhelin: <a href=\"tel:+3581819150\">+358 18 19 150<\/a><br \/>\nS\u00e4hk\u00f6posti: <a href=\"mailto:cargo@eckerolink.com\">cargo@eckerolink.com<\/a>.<\/p>\n<\/div><\/section><\/p><\/div><div class='av-flex-placeholder'><\/div>\n<style type=\"text\/css\" data-created_by=\"avia_inline_auto\" id=\"style-css-av-1fno3-b40c6e27ea8641729a72d61f43509cfc\">\n@keyframes av_boxShadowEffect_av-1fno3-b40c6e27ea8641729a72d61f43509cfc-row {\n0%   { box-shadow:  0 0 0 0 #efefef; opacity: 1; }\n100% { box-shadow:  0 0 10px 0 #efefef; opacity: 1; }\n}\n.flex_column_table.av-equal-height-column-flextable.av-1fno3-b40c6e27ea8641729a72d61f43509cfc{\nbox-shadow: 0 0 10px 0 #efefef;\n}\n.flex_column.av-1fno3-b40c6e27ea8641729a72d61f43509cfc{\nborder-width:1px;\nborder-color:#0a0a0a;\nborder-style:solid;\nborder-radius:12px 12px 12px 12px;\npadding:16px 16px 16px 16px;\nbackground-color:#efefef;\n}\n<\/style>\n<div  class='flex_column av-1fno3-b40c6e27ea8641729a72d61f43509cfc av_one_half  avia-builder-el-7  el_after_av_one_fourth  el_before_av_one_fourth  flex_column_table_cell av-equal-height-column av-align-top  '     ><p><div class='avia-data-table-wrap av-av_table-1172ade5080239dbc3cd51e3ff276e60 avia_scrollable_table avia-table-1'><table  class='avia-table avia-data-table avia_pricing_minimal  avia-builder-el-8  el_before_av_textblock  avia-builder-el-first  timetable'  itemscope=\"itemscope\" itemtype=\"https:\/\/schema.org\/Table\" ><tbody><tr class='avia-heading-row'><th class='avia-desc-col'>M\/S Fj\u00e4rdv\u00e4gen<br \/>\naikataulu<br \/>\n01.01.2026<\/th><th class=''>reitti<\/th><th class=''>l\u00e4ht\u00f6aika &#8211; saapuminen<\/th><\/tr><tr class=''><th class='avia-desc-col'>Maanantai<\/th><td class=''>L\u00e5ngn\u00e4s &#8211; Naantali<\/td><td class=''>14:00 &#8211; 19:00<\/td><\/tr><tr class=''><th class='avia-desc-col'><\/th><td class=''>Naantali &#8211; L\u00e5ngn\u00e4s<\/td><td class=''>23:30 &#8211; 04:20<\/td><\/tr><tr class=''><th class='avia-desc-col'>Tiistai<\/th><td class=''>L\u00e5ngn\u00e4s &#8211; Naantali<\/td><td class=''>14:00 &#8211; 19:00<\/td><\/tr><tr class=''><th class='avia-desc-col'><\/th><td class=''>Naantali &#8211; L\u00e5ngn\u00e4s<\/td><td class=''>23:30 &#8211; 05:30 \u26a0\ufe0f<\/td><\/tr><tr class=''><th class='avia-desc-col'>Keskiviikko<\/th><td class=''>L\u00e5ngn\u00e4s &#8211; Naantali<\/td><td class=''>14:00 &#8211; 19:00<\/td><\/tr><tr class=''><th class='avia-desc-col'><\/th><td class=''>Naantali &#8211; L\u00e5ngn\u00e4s<\/td><td class=''>23:30 &#8211; 04:20<\/td><\/tr><tr class=''><th class='avia-desc-col'>Torstai<\/th><td class=''>L\u00e5ngn\u00e4s &#8211; Naantali<\/td><td class=''>14:00 &#8211; 19:00<\/td><\/tr><tr class=''><th class='avia-desc-col'><\/th><td class=''>Naantali &#8211; L\u00e5ngn\u00e4s<\/td><td class=''>23:30 &#8211; 04:20<\/td><\/tr><tr class=''><th class='avia-desc-col'>Perjantai<\/th><td class=''>L\u00e5ngn\u00e4s &#8211; Naantali<\/td><td class=''>14:00 &#8211; 19:00<\/td><\/tr><tr class=''><th class='avia-desc-col'><\/th><td class=''>Naantali &#8211; L\u00e5ngn\u00e4s<\/td><td class=''>23:30 &#8211; 04:20<\/td><\/tr><tr class=''><th class='avia-desc-col'>Lauantai<\/th><td class=''>L\u00e5ngn\u00e4s &#8211; Naantali<\/td><td class=''>09:00 &#8211; 14:00<\/td><\/tr><tr class=''><th class='avia-desc-col'>Sunnuntai<\/th><td class=''>Naantali &#8211; L\u00e5ngn\u00e4s<\/td><td class=''>23:30 &#8211; 04:20<\/td><\/tr><\/tbody><\/table><\/div><br \/>\n<section  class='av_textblock_section av-mjiafnq2-e036972ab82d1ade23f16524365eceb7 '   itemscope=\"itemscope\" itemtype=\"https:\/\/schema.org\/CreativeWork\" ><div class='avia_textblock'  itemprop=\"text\" ><h3>Lastin on saavuttava satamaan viimeist\u00e4\u00e4n 1 tunti ennen l\u00e4ht\u00f6\u00e4. IMO-lasteille m\u00e4\u00e4r\u00e4aika on viimeist\u00e4\u00e4n 1,5 tuntia ennen l\u00e4ht\u00f6\u00e4.<\/h3>\n<\/div><\/section><\/p><\/div><div class='av-flex-placeholder'><\/div>\n<style type=\"text\/css\" data-created_by=\"avia_inline_auto\" id=\"style-css-av-159in-a7387ed1351adfeb24ab2e3d63577a4b\">\n@keyframes av_boxShadowEffect_av-159in-a7387ed1351adfeb24ab2e3d63577a4b-row {\n0%   { box-shadow:  0 0 0 0 #efefef; opacity: 1; }\n100% { box-shadow:  0 0 10px 0 #efefef; opacity: 1; }\n}\n.flex_column_table.av-equal-height-column-flextable.av-159in-a7387ed1351adfeb24ab2e3d63577a4b{\nbox-shadow: 0 0 10px 0 #efefef;\n}\n.flex_column.av-159in-a7387ed1351adfeb24ab2e3d63577a4b{\nborder-radius:8px 8px 8px 8px;\npadding:12px 12px 12px 12px;\nbackground-color:#efefef;\n}\n<\/style>\n<div  class='flex_column av-159in-a7387ed1351adfeb24ab2e3d63577a4b av_one_fourth  avia-builder-el-10  el_after_av_one_half  avia-builder-el-last  flex_column_table_cell av-equal-height-column av-align-top  '     ><style type=\"text\/css\" data-created_by=\"avia_inline_auto\" id=\"style-css-av-vngb-97b7f9be96c5130dfbfc192b00230551\">\n.avia-team-member.av-vngb-97b7f9be96c5130dfbfc192b00230551 .team-img-container img{\nborder-style:solid;\nborder-width:1px 1px 1px 1px;\nborder-color:#0a0a0a;\nborder-radius:8px 8px 8px 8px;\n}\n<\/style>\n<section  class='avia-team-member av-vngb-97b7f9be96c5130dfbfc192b00230551  avia-builder-el-11  avia-builder-el-no-sibling '  itemscope=\"itemscope\" itemtype=\"https:\/\/schema.org\/Person\" ><h3 class='team-member-name '  itemprop=\"name\" >Jonas Henriksson<\/h3><div class='team-member-job-title '  itemprop=\"jobTitle\" >Toimitusjohtaja<\/div><div class='team-member-description '  itemprop=\"description\" ><p>jonas.henriksson@eckerolink.com<br \/>\n+358 40 5801 847<\/p>\n<\/div><span class='hidden team-member-affiliation'  itemprop=\"affiliation\" >Ecker\u00f6 Link<\/span><\/section><\/div><\/div><!--close column table wrapper. Autoclose: 1 -->\n<\/div><\/div><\/div><!-- close content main div --><\/div><\/div><div id='after_section_1'  class='main_color av_default_container_wrap container_wrap fullsize'  ><div class='container av-section-cont-open' ><div class='template-page content  av-content-full alpha units'><div class='post-entry post-entry-type-page post-entry-90'><div class='entry-content-wrapper clearfix'>\n\n","protected":false},"excerpt":{"rendered":"","protected":false},"author":1,"featured_media":0,"parent":0,"menu_order":0,"comment_status":"closed","ping_status":"closed","template":"","meta":{"footnotes":""},"class_list":["post-90","page","type-page","status-publish","hentry"],"_links":{"self":[{"href":"https:\/\/eckerolink.com\/fi\/wp-json\/wp\/v2\/pages\/90","targetHints":{"allow":["GET"]}}],"collection":[{"href":"https:\/\/eckerolink.com\/fi\/wp-json\/wp\/v2\/pages"}],"about":[{"href":"https:\/\/eckerolink.com\/fi\/wp-json\/wp\/v2\/types\/page"}],"author":[{"embeddable":true,"href":"https:\/\/eckerolink.com\/fi\/wp-json\/wp\/v2\/users\/1"}],"replies":[{"embeddable":true,"href":"https:\/\/eckerolink.com\/fi\/wp-json\/wp\/v2\/comments?post=90"}],"version-history":[{"count":14,"href":"https:\/\/eckerolink.com\/fi\/wp-json\/wp\/v2\/pages\/90\/revisions"}],"predecessor-version":[{"id":219,"href":"https:\/\/eckerolink.com\/fi\/wp-json\/wp\/v2\/pages\/90\/revisions\/219"}],"wp:attachment":[{"href":"https:\/\/eckerolink.com\/fi\/wp-json\/wp\/v2\/media?parent=90"}],"curies":[{"name":"wp","href":"https:\/\/api.w.org\/{rel}","templated":true}]}}