{"id":247,"date":"2026-04-14T16:02:02","date_gmt":"2026-04-14T13:02:02","guid":{"rendered":"https:\/\/eckerolink.com\/?page_id=247"},"modified":"2026-04-15T08:28:25","modified_gmt":"2026-04-15T05:28:25","slug":"tietosuojakaytanto","status":"publish","type":"page","link":"https:\/\/eckerolink.com\/fi\/tietosuojakaytanto\/","title":{"rendered":"Tietosuojak\u00e4yt\u00e4nt\u00f6"},"content":{"rendered":"<p><span style=\"font-size: 28px; font-weight: 600;\">Tietosuojak\u00e4yt\u00e4nt\u00f6<\/span><\/p>\n<div>\n<h3>Yleist\u00e4<\/h3>\n<p>Meille Ecker\u00f6 Linkill\u00e4 yksityisyytesi on eritt\u00e4in t\u00e4rke\u00e4. Tavoitteenamme on, ett\u00e4 tunnet olosi turvalliseksi henkil\u00f6tietojesi k\u00e4sittelyn yhteydess\u00e4. Toimiessamme henkil\u00f6tietojen rekisterinpit\u00e4j\u00e4n\u00e4 varmistamme, ett\u00e4 tietojesi suojaa koskevaa sovellettavaa lains\u00e4\u00e4d\u00e4nt\u00f6\u00e4 noudatetaan aina.<\/p>\n<h3>Soveltamisala<\/h3>\n<p>T\u00e4m\u00e4 tietosuojak\u00e4yt\u00e4nt\u00f6 koskee kaikkea Ecker\u00f6 Linkin henkil\u00f6tietojen k\u00e4sittely\u00e4 osana toimintaamme suhteessa sinuun yksityisasiakkaana ja matkustajana.<\/p>\n<h3>Ker\u00e4tt\u00e4v\u00e4t henkil\u00f6tiedot<\/h3>\n<p>Ker\u00e4\u00e4m\u00e4mme sinua koskevat tiedot ovat p\u00e4\u00e4asiassa tietoja, jotka annat meille solmiessasi kanssamme sopimuksen sek\u00e4 k\u00e4ytt\u00e4ess\u00e4si palveluitamme. N\u00e4it\u00e4 voivat olla esimerkiksi yhteystiedot, syntym\u00e4aika, demografiset tiedot, tilaus- ja maksutiedot sek\u00e4 tiedot siit\u00e4, miten k\u00e4yt\u00e4t palveluitamme.<br \/>\nParantaaksemme verkkopalvelujamme k\u00e4yt\u00e4mme my\u00f6s ev\u00e4steit\u00e4, jotka voivat sis\u00e4lt\u00e4\u00e4 henkil\u00f6tietoja. Lis\u00e4tietoja ev\u00e4steiden k\u00e4yt\u00f6st\u00e4 l\u00f6yd\u00e4t t\u00e4ydellisest\u00e4 ev\u00e4stek\u00e4yt\u00e4nn\u00f6st\u00e4mme.<\/p>\n<h3>K\u00e4ytt\u00f6mme ja tietojen jakaminen<\/h3>\n<p>Me Ecker\u00f6 Linkill\u00e4 k\u00e4yt\u00e4mme henkil\u00f6tietojasi voidaksemme tarjota sinulle parhaalla mahdollisella tavalla tuotteitamme ja palveluitamme. Henkil\u00f6tietojasi k\u00e4ytet\u00e4\u00e4n seuraaviin tarkoituksiin:<br \/>\n\u2013 sopimusten hallinnointiin ja t\u00e4ytt\u00e4miseen,<br \/>\n\u2013 markkinointiin, mukaan lukien asiakaskohtaisesti kohdennettu suoramarkkinointi,<br \/>\n\u2013 menetelm\u00e4- ja liiketoiminnan kehitt\u00e4miseen.<\/p>\n<p>Emme k\u00e4yt\u00e4 henkil\u00f6tietojasi mihink\u00e4\u00e4n muuhun yhteensopimattomaan tarkoitukseen ja s\u00e4ilyt\u00e4mme niit\u00e4 vain niin kauan kuin se on tarpeellista.<br \/>\nVoimme joissakin tapauksissa luovuttaa henkil\u00f6tietojasi muille konserniyhti\u00f6ille, IT-toimittajille tai yhteisty\u00f6kumppaneille voidaksemme tarjota tuotteitamme ja palveluitamme. Emme myy henkil\u00f6tietojasi kenellek\u00e4\u00e4n.<\/p>\n<h3>Oikeutesi<\/h3>\n<p>Sinulla on oikeus saada tietoa siit\u00e4, mit\u00e4 henkil\u00f6tietoja k\u00e4sittelemme sinusta ja mihin tarkoituksiin, sek\u00e4 muutoin kontrolloida tietojasi t\u00e4ss\u00e4 kuvatulla tavalla. Sinulla on siten oikeus tietyiss\u00e4 tapauksissa saada tietosi k\u00e4ytt\u00f6\u00f6si tai pyyt\u00e4\u00e4 niiden oikaisemista, poistamista, rajoittamista tai siirt\u00e4mist\u00e4. Sinulla on my\u00f6s oikeus vastustaa tiettyj\u00e4 tietojesi k\u00e4ytt\u00f6tapoja tai peruuttaa antamasi suostumus.<br \/>\nJos katsot, ett\u00e4 olemme k\u00e4sitelleet tietojasi lainvastaisesti, sinulla on aina oikeus ottaa yhteytt\u00e4 tietosuojavaltuutetun toimistoon. Lis\u00e4tietoja oikeuksistasi l\u00f6yd\u00e4t t\u00e4ydellisest\u00e4 tietosuojak\u00e4yt\u00e4nn\u00f6st\u00e4mme.<\/p>\n<h3>Yhteystiedot (p\u00e4ivitet\u00e4\u00e4n!)<\/h3>\n<p>Jos sinulla on kysytt\u00e4v\u00e4\u00e4 t\u00e4st\u00e4 tietosuojak\u00e4yt\u00e4nn\u00f6st\u00e4, henkil\u00f6tietojesi k\u00e4sittelyst\u00e4 tai haluat k\u00e4ytt\u00e4\u00e4 oikeuksiasi, voit ottaa meihin yhteytt\u00e4 seuraavilla tavoilla:<\/p>\n<p>Postiosoite: PL 136, AX-22101 Mariehamn<br \/>\nK\u00e4yntiosoite: Torggatan 2, AX-22100 Mariehamn<br \/>\nS\u00e4hk\u00f6posti: dataskydd@eckerolink.com<br \/>\nPuhelin: +358 18 19 150<br \/>\nVerkkosivusto:\u00a0www.eckerolink.com<\/p>\n<p>Lue koko tietosuojak\u00e4yt\u00e4nt\u00f6 t\u00e4\u00e4lt\u00e4 \u2013 lis\u00e4\u00e4 oikea linkki!<\/p>\n<p>Tietopyynt\u00f6\u00e4 varten \u2013 k\u00e4yt\u00e4 t\u00e4t\u00e4 asiakirjaa. Tarkista, ett\u00e4 linkki on oikea.<\/p>\n<hr \/>\n<h2>Ev\u00e4stek\u00e4yt\u00e4nt\u00f6<\/h2>\n<p>T\u00e4m\u00e4 verkkosivusto k\u00e4ytt\u00e4\u00e4 ev\u00e4steit\u00e4. K\u00e4yt\u00e4mme laitetunnisteita r\u00e4\u00e4t\u00e4l\u00f6id\u00e4ksemme sis\u00e4ll\u00f6n ja mainokset k\u00e4ytt\u00e4jille, tarjotaksemme sosiaalisen median toimintoja sek\u00e4 analysoidaksemme liikennett\u00e4mme. V\u00e4lit\u00e4mme lis\u00e4ksi t\u00e4llaisia tunnisteita ja muita tietoja laitteestasi sosiaalisen median sek\u00e4 mainonta- ja analytiikkayrityksille, joiden kanssa teemme yhteisty\u00f6t\u00e4. N\u00e4m\u00e4 voivat puolestaan yhdist\u00e4\u00e4 tiedot muihin tietoihin, jotka olet antanut tai jotka ne ovat ker\u00e4nneet k\u00e4ytt\u00e4ess\u00e4si niiden palveluja.<\/p>\n<p>Ev\u00e4steet ovat pieni\u00e4 tekstitiedostoja, joita verkkosivustot voivat k\u00e4ytt\u00e4\u00e4 parantaakseen k\u00e4ytt\u00e4j\u00e4kokemusta.<\/p>\n<p>Lain mukaan saamme tallentaa ev\u00e4steit\u00e4 laitteellesi, jos ne ovat v\u00e4ltt\u00e4m\u00e4tt\u00f6mi\u00e4 t\u00e4m\u00e4n verkkosivuston toiminnan kannalta. Kaikkiin muihin tarkoituksiin tarvitaan suostumuksesi.<\/p>\n<p>T\u00e4m\u00e4 verkkosivusto k\u00e4ytt\u00e4\u00e4 erityyppisi\u00e4 ev\u00e4steit\u00e4. Osa ev\u00e4steist\u00e4 on kolmansien osapuolten palveluiden asettamia ja n\u00e4kyy sivuillamme.<\/p>\n<p>Voit milloin tahansa muuttaa tai peruuttaa ev\u00e4steit\u00e4 koskevan suostumuksesi verkkosivustollamme.<\/p>\n<p>Lis\u00e4tietoja siit\u00e4, keit\u00e4 olemme, miten voit ottaa meihin yhteytt\u00e4 ja miten k\u00e4sittelemme henkil\u00f6tietoja, l\u00f6yd\u00e4t tietosuojak\u00e4yt\u00e4nn\u00f6st\u00e4mme.<\/p>\n<p>Anna suostumustunnuksesi sek\u00e4 p\u00e4iv\u00e4m\u00e4\u00e4r\u00e4, jolloin otit meihin yhteytt\u00e4 suostumustasi koskien.<\/p>\n<p>Suostumuksesi koskee seuraavia verkkotunnuksia: www.eckerolink.com<\/p>\n<\/div>\n","protected":false},"excerpt":{"rendered":"<p>Tietosuojak\u00e4yt\u00e4nt\u00f6 Yleist\u00e4 Meille Ecker\u00f6 Linkill\u00e4 yksityisyytesi on eritt\u00e4in t\u00e4rke\u00e4. Tavoitteenamme on, ett\u00e4 tunnet olosi turvalliseksi henkil\u00f6tietojesi k\u00e4sittelyn yhteydess\u00e4. Toimiessamme henkil\u00f6tietojen rekisterinpit\u00e4j\u00e4n\u00e4 varmistamme, ett\u00e4 tietojesi suojaa koskevaa sovellettavaa lains\u00e4\u00e4d\u00e4nt\u00f6\u00e4 noudatetaan aina. Soveltamisala T\u00e4m\u00e4 tietosuojak\u00e4yt\u00e4nt\u00f6 koskee kaikkea Ecker\u00f6 Linkin henkil\u00f6tietojen k\u00e4sittely\u00e4 osana toimintaamme suhteessa sinuun yksityisasiakkaana ja matkustajana. Ker\u00e4tt\u00e4v\u00e4t henkil\u00f6tiedot Ker\u00e4\u00e4m\u00e4mme sinua koskevat tiedot ovat p\u00e4\u00e4asiassa tietoja, [&hellip;]<\/p>\n","protected":false},"author":1,"featured_media":0,"parent":0,"menu_order":0,"comment_status":"closed","ping_status":"closed","template":"","meta":{"footnotes":""},"class_list":["post-247","page","type-page","status-publish","hentry"],"_links":{"self":[{"href":"https:\/\/eckerolink.com\/fi\/wp-json\/wp\/v2\/pages\/247","targetHints":{"allow":["GET"]}}],"collection":[{"href":"https:\/\/eckerolink.com\/fi\/wp-json\/wp\/v2\/pages"}],"about":[{"href":"https:\/\/eckerolink.com\/fi\/wp-json\/wp\/v2\/types\/page"}],"author":[{"embeddable":true,"href":"https:\/\/eckerolink.com\/fi\/wp-json\/wp\/v2\/users\/1"}],"replies":[{"embeddable":true,"href":"https:\/\/eckerolink.com\/fi\/wp-json\/wp\/v2\/comments?post=247"}],"version-history":[{"count":1,"href":"https:\/\/eckerolink.com\/fi\/wp-json\/wp\/v2\/pages\/247\/revisions"}],"predecessor-version":[{"id":248,"href":"https:\/\/eckerolink.com\/fi\/wp-json\/wp\/v2\/pages\/247\/revisions\/248"}],"wp:attachment":[{"href":"https:\/\/eckerolink.com\/fi\/wp-json\/wp\/v2\/media?parent=247"}],"curies":[{"name":"wp","href":"https:\/\/api.w.org\/{rel}","templated":true}]}}