{"id":231,"date":"2026-04-14T15:26:25","date_gmt":"2026-04-14T12:26:25","guid":{"rendered":"https:\/\/eckerolink.com\/?page_id=231"},"modified":"2026-04-14T15:38:56","modified_gmt":"2026-04-14T12:38:56","slug":"turvallisuus-ja-ymparistopolitiikka","status":"publish","type":"page","link":"https:\/\/eckerolink.com\/fi\/turvallisuus-ja-ymparistopolitiikka\/","title":{"rendered":"Turvallisuus- ja ymp\u00e4rist\u00f6politiikka"},"content":{"rendered":"<h1>Turvallisuus- ja ymp\u00e4rist\u00f6politiikka<\/h1>\n<p>Ecker\u00f6-konsernin turvallisuus- ja ymp\u00e4rist\u00f6politiikan tavoitteena on harjoittaa henkil\u00f6- ja rahtiliikennett\u00e4 sek\u00e4 siihen liittyv\u00e4\u00e4 toimintaa turvallisella ja ymp\u00e4rist\u00f6\u00e4 kunnioittavalla tavalla. Pyrimme ennaltaehk\u00e4isem\u00e4\u00e4n kaikki tunnistetut riskit tarkoituksenmukaisilla ty\u00f6menettelyill\u00e4 kansainv\u00e4listen ja kansallisten lakien, asetusten ja muiden vaatimusten mukaisesti ihmishenkien, omaisuuden, lastin ja ymp\u00e4rist\u00f6n suojelemiseksi.<\/p>\n<p>Ecker\u00f6-konserni pyrkii olemaan luotettava ty\u00f6nantaja, jossa viihtyvyys ja keskin\u00e4inen vastuu ovat keski\u00f6ss\u00e4. K\u00e4ytt\u00e4m\u00e4ll\u00e4 resurssejamme \u2013 kuten henkil\u00f6st\u00f6\u00e4, aikaa, materiaaleja, toimittajapalveluja ja rahaa \u2013 tehokkaasti varmistamme taloudellisen kilpailukykymme samalla kun yhdess\u00e4 edist\u00e4mme kest\u00e4v\u00e4\u00e4 kehityst\u00e4, jatkuvaa parantamista, korkeaa turvallisuutta ja mahdollisimman v\u00e4h\u00e4ist\u00e4 ymp\u00e4rist\u00f6vaikutusta.<\/p>\n<h2>J\u00e4rjestelm\u00e4llinen ymp\u00e4rist\u00f6- ja turvallisuusty\u00f6<\/h2>\n<p>Ecker\u00f6 Link harjoittaa toimintaansa ISM-koodin turvallisuus- ja ymp\u00e4rist\u00f6vaatimusten mukaisesti. ISM-koodi on merenkulkua koskeva kansainv\u00e4linen ja pakollinen s\u00e4\u00e4ntelykehys, jonka tavoitteena on alusten turvallinen k\u00e4ytt\u00f6 sek\u00e4 aluksista aiheutuvan saastumisen ehk\u00e4iseminen.<\/p>\n<p>ISM-koodin pakollisten vaatimusten ja muiden toimintaan sovellettavien voimassa olevien lakien lis\u00e4ksi Ecker\u00f6 Link on p\u00e4\u00e4tt\u00e4nyt noudattaa kansainv\u00e4lisen ymp\u00e4rist\u00f6johtamisstandardin ISO 14001 vaatimuksia. Ecker\u00f6 Link liitet\u00e4\u00e4n tulevassa auditoinnissa muiden Ecker\u00f6-konsernin yhti\u00f6iden kanssa samaan ISO 14001 -sertifikaattiin. ISO 14001 -standardin vaatimuksena on toiminnan ymp\u00e4rist\u00f6ty\u00f6n jatkuva parantaminen ja ymp\u00e4rist\u00f6vaikutusten v\u00e4hent\u00e4minen.<\/p>\n<p>Ecker\u00f6 Linkin ymp\u00e4rist\u00f6- ja turvallisuusty\u00f6n tarkoituksena on olla luonnollinen osa p\u00e4ivitt\u00e4ist\u00e4 toimintaa. Tavoitteenamme on aluksen turvallinen k\u00e4ytt\u00f6 samalla kun pyrimme jatkuvasti minimoimaan ymp\u00e4rist\u00f6vaikutuksemme. Ecker\u00f6 Linkin henkil\u00f6st\u00f6 saa s\u00e4\u00e4nn\u00f6llist\u00e4 koulutusta ja sis\u00e4isi\u00e4 auditointeja suoritetaan turvallisuus- ja ymp\u00e4rist\u00f6ty\u00f6n hyv\u00e4n tason yll\u00e4pit\u00e4miseksi. ISO 14001 -standardin ja ISM-koodin vaatimusten noudattamista valvovat lis\u00e4ksi s\u00e4\u00e4nn\u00f6llisesti ulkopuoliset auditoijat.<\/p>\n<h2>Ymp\u00e4rist\u00f6tavoitteet<\/h2>\n<p>Ecker\u00f6 Link on kartoittanut ne tavat, joilla toiminta vaikuttaa ymp\u00e4rist\u00f6\u00f6n, ja asettanut tavoitteita yhti\u00f6n ymp\u00e4rist\u00f6ty\u00f6lle. Ecker\u00f6 Linkin keskeisin ymp\u00e4rist\u00f6tavoite on v\u00e4hent\u00e4\u00e4 fossiilisten polttoaineiden poltosta aluksella ilmakeh\u00e4\u00e4n vapautuvan CO2:n m\u00e4\u00e4r\u00e4\u00e4.<\/p>\n<p>Aluksen ja koneiston energiatehokkuudella sek\u00e4 polttoaineen laadulla on suuri merkitys p\u00e4\u00e4st\u00f6jen v\u00e4hent\u00e4misess\u00e4 ilmaan. Ecker\u00f6 Link ty\u00f6skentelee jatkuvasti toimenpiteiden parissa polttoaineenkulutuksen minimoimiseksi ja siten p\u00e4\u00e4st\u00f6jen v\u00e4hent\u00e4miseksi. N\u00e4ihin toimenpiteisiin kuuluu muun muassa aluksen rungon s\u00e4\u00e4nn\u00f6llinen puhdistus, sill\u00e4 hyv\u00e4kuntoinen runko v\u00e4hent\u00e4\u00e4 kitkaa ja siten polttoaineenkulutusta. Muita toimenpiteit\u00e4 ovat moottorien, potkurien ja muun aluksella olevan laitteiston tehokkuuden optimointi sek\u00e4 aluksen kulutuksen jatkuva seuranta ja energiatehokkaampien laitteiden aktiivinen valinta. L\u00e4mmityksen, j\u00e4\u00e4hdytyksen ja ilmanvaihdon k\u00e4ytt\u00f6 aluksella mukautetaan tarpeen mukaan eik\u00e4 laitteistoja k\u00e4ytet\u00e4 tarpeettomasti.<\/p>\n<p>Ratkaisevin tekij\u00e4 aluksen polttoaineenkulutuksen kannalta on aluksen nopeus. T\u00e4m\u00e4 on t\u00e4rkein syy siihen, miksi kehotamme matkustajiamme saapumaan satamaan hyviss\u00e4 ajoin ja siten auttamaan meit\u00e4 suojelemaan ymp\u00e4rist\u00f6\u00e4 ehk\u00e4isem\u00e4ll\u00e4 my\u00f6h\u00e4isi\u00e4 l\u00e4ht\u00f6j\u00e4.<\/p>\n<h2>Maas\u00e4hk\u00f6<\/h2>\n<p>Aluksen s\u00e4hk\u00f6 tuotetaan moottoreihin liitetyill\u00e4 generaattoreilla. V\u00e4ltt\u00e4\u00e4kseen tarpeettomia p\u00e4\u00e4st\u00f6j\u00e4 Ecker\u00f6 Link on jo pitk\u00e4\u00e4n k\u00e4ytt\u00e4nyt maas\u00e4hk\u00f6\u00e4 satamak\u00e4yntien aikana edellisell\u00e4 aluksella, ja nyt tehd\u00e4\u00e4n ty\u00f6t\u00e4 sen eteen, ett\u00e4 my\u00f6s uusi alus k\u00e4ytt\u00e4\u00e4 maas\u00e4hk\u00f6\u00e4 satamak\u00e4yntien aikana.<\/p>\n<h2>J\u00e4tteet, j\u00e4tevedet ja kemikaalit<\/h2>\n<ul>\n<li>Kaikki j\u00e4tteet k\u00e4sitell\u00e4\u00e4n, lajitellaan ja toimitetaan maihin hyv\u00e4ksyttyyn j\u00e4tteiden vastaanotto- ja k\u00e4sittelylaitokseen. Pyrimme jatkuvasti minimoimaan j\u00e4tteen m\u00e4\u00e4r\u00e4n. Ty\u00f6skentelemme muun muassa ruokah\u00e4vikin v\u00e4hent\u00e4miseksi aluksen ravintolatoiminnassa.<\/li>\n<li>Aluksella on t\u00e4ysin suljetut j\u00e4tevesij\u00e4rjestelm\u00e4t ja kaikki j\u00e4tevesi pumpataan maihin, jossa se kuljetetaan edelleen j\u00e4tevedenpuhdistamoon.<\/li>\n<li>K\u00e4yt\u00f6ss\u00e4 on jatkuva prosessi, jonka tavoitteena on minimoida aluksella k\u00e4ytett\u00e4vien kemikaalien m\u00e4\u00e4r\u00e4 ja mahdollisuuksien mukaan korvata ne ymp\u00e4rist\u00f6yst\u00e4v\u00e4llisemmill\u00e4 vaihtoehdoilla.<\/li>\n<\/ul>\n","protected":false},"excerpt":{"rendered":"<p>Turvallisuus- ja ymp\u00e4rist\u00f6politiikka Ecker\u00f6-konsernin turvallisuus- ja ymp\u00e4rist\u00f6politiikan tavoitteena on harjoittaa henkil\u00f6- ja rahtiliikennett\u00e4 sek\u00e4 siihen liittyv\u00e4\u00e4 toimintaa turvallisella ja ymp\u00e4rist\u00f6\u00e4 kunnioittavalla tavalla. Pyrimme ennaltaehk\u00e4isem\u00e4\u00e4n kaikki tunnistetut riskit tarkoituksenmukaisilla ty\u00f6menettelyill\u00e4 kansainv\u00e4listen ja kansallisten lakien, asetusten ja muiden vaatimusten mukaisesti ihmishenkien, omaisuuden, lastin ja ymp\u00e4rist\u00f6n suojelemiseksi. Ecker\u00f6-konserni pyrkii olemaan luotettava ty\u00f6nantaja, jossa viihtyvyys ja keskin\u00e4inen vastuu ovat [&hellip;]<\/p>\n","protected":false},"author":1,"featured_media":0,"parent":0,"menu_order":0,"comment_status":"closed","ping_status":"closed","template":"","meta":{"footnotes":""},"class_list":["post-231","page","type-page","status-publish","hentry"],"_links":{"self":[{"href":"https:\/\/eckerolink.com\/fi\/wp-json\/wp\/v2\/pages\/231","targetHints":{"allow":["GET"]}}],"collection":[{"href":"https:\/\/eckerolink.com\/fi\/wp-json\/wp\/v2\/pages"}],"about":[{"href":"https:\/\/eckerolink.com\/fi\/wp-json\/wp\/v2\/types\/page"}],"author":[{"embeddable":true,"href":"https:\/\/eckerolink.com\/fi\/wp-json\/wp\/v2\/users\/1"}],"replies":[{"embeddable":true,"href":"https:\/\/eckerolink.com\/fi\/wp-json\/wp\/v2\/comments?post=231"}],"version-history":[{"count":2,"href":"https:\/\/eckerolink.com\/fi\/wp-json\/wp\/v2\/pages\/231\/revisions"}],"predecessor-version":[{"id":236,"href":"https:\/\/eckerolink.com\/fi\/wp-json\/wp\/v2\/pages\/231\/revisions\/236"}],"wp:attachment":[{"href":"https:\/\/eckerolink.com\/fi\/wp-json\/wp\/v2\/media?parent=231"}],"curies":[{"name":"wp","href":"https:\/\/api.w.org\/{rel}","templated":true}]}}