{"id":223,"date":"2026-04-14T14:50:57","date_gmt":"2026-04-14T11:50:57","guid":{"rendered":"https:\/\/eckerolink.com\/?page_id=223"},"modified":"2026-04-17T13:01:26","modified_gmt":"2026-04-17T10:01:26","slug":"tarkeaa-matkustajainfoa","status":"publish","type":"page","link":"https:\/\/eckerolink.com\/fi\/tarkeaa-matkustajainfoa\/","title":{"rendered":"T\u00e4rke\u00e4\u00e4 matkustajainfoa"},"content":{"rendered":"<section  class='av_textblock_section av-mnykb7mb-b506b2577a89d52ee934ac548c4cccd1 '   itemscope=\"itemscope\" itemtype=\"https:\/\/schema.org\/CreativeWork\" ><div class='avia_textblock'  itemprop=\"text\" ><h1>T\u00e4rke\u00e4\u00e4 matkustajainfoa<\/h1>\n<h2>Ennen matkaa ja varausta<\/h2>\n<h3>Maksut ja valuutta<\/h3>\n<p>Lauttamatka maksetaan varauksen yhteydess\u00e4 joko verkossa tai puhelimitse. Maksu voidaan suorittaa pankkisiirrolla tai luotto-\/pankkikortilla. Pid\u00e4t\u00e4mme oikeuden peruuttaa varauksen, mik\u00e4li maksua ei ole suoritettu. Aluksella ostokset maksetaan luotto- tai pankkikortilla. Alus on k\u00e4teisvapaa.<\/p>\n<h3>Saapumisohjeet<\/h3>\n<p><strong>Naantali:<\/strong><br \/>\nNaantalin GPS-koordinaatit:<br \/>\nLeveysaste: 60.45787<br \/>\nPituusaste: 22.04373<\/p>\n<p><strong>Osoite:<\/strong><br \/>\nSatamatie 13<br \/>\nFI-21100 NAANTALI<\/p>\n<p><strong>L\u00e5ngn\u00e4s:<\/strong><br \/>\nL\u00e5ngn\u00e4sin GPS-koordinaatit:<br \/>\nLeveysaste: 60.11716<br \/>\nPituusaste: 20.29996<\/p>\n<p><strong>Osoite:<\/strong><br \/>\nL\u00e5ngn\u00e4sv\u00e4gen 638<br \/>\nAX-22630 LUMPARLAND<\/p>\n<p><a href=\"https:\/\/www.langnashamn.ax\/\">L\u00e5ngn\u00e4s Hamn Ab<\/a><\/p>\n<h3>Sis\u00e4\u00e4nkirjautuminen<\/h3>\n<p>Varmistaaksesi paikan aluksella matkasi on varattava etuk\u00e4teen. Kaikkien matkustajien ja ajoneuvojen tulee olla kirjautuneina sis\u00e4\u00e4n viimeist\u00e4\u00e4n 60 minuuttia ennen l\u00e4ht\u00f6\u00e4. Autot, moottoripy\u00f6r\u00e4t ja polkupy\u00f6r\u00e4t sek\u00e4 niiden matkustajat kirjautuvat satama-alueella. Huomioithan, ett\u00e4 alus ottaa vastaan vain ajoneuvon kanssa matkustavia matkustajia.<\/p>\n<h2>Aluksella<\/h2>\n<h3>Ruokailu aluksella<\/h3>\n<p>Aluksella on yhdistetty baari, kahvila ja ravintola. Pyynn\u00f6st\u00e4 saatavilla on laktoosittomia ja gluteenittomia aterioita sek\u00e4 kasvisruokia. Muiden erikoisruokavalioiden osalta otathan yhteytt\u00e4 henkil\u00f6kuntaan aluksella.<\/p>\n<p>Huomioithan, ett\u00e4 aluksella myyd\u00e4\u00e4n maap\u00e4hkin\u00f6it\u00e4 ja p\u00e4hkin\u00e4sekoituksia.<\/p>\n<p>Mik\u00e4li myynti ei ole avoinna, aluksella on automaatteja, joista voi ostaa kahvia, juomia, voileipi\u00e4 ja muita pieni\u00e4 v\u00e4lipaloja.<\/p>\n<h3>Paloturvallisuus aluksella<\/h3>\n<p>M\/S Fj\u00e4rdv\u00e4gen on tarkastettu ja varustettu hyv\u00e4ksytyll\u00e4 paloh\u00e4lytysj\u00e4rjestelm\u00e4ll\u00e4 sek\u00e4 palontorjuntakalustolla. Koko ajoneuvokannella on sprinklausj\u00e4rjestelm\u00e4 sek\u00e4 hyv\u00e4ksytyt palomiesten ja savusukeltajien varusteet, jotka t\u00e4ytt\u00e4v\u00e4t s\u00e4\u00e4d\u00f6svaatimukset.<\/p>\n<ul>\n<li>Paloharjoituksia suoritetaan viikoittain. Henkil\u00f6kunta koulutetaan s\u00e4\u00e4nn\u00f6llisesti sek\u00e4 maissa ett\u00e4 aluksella.<\/li>\n<li>Ajoneuvokannella on kameravalvonta, ja lis\u00e4ksi kansi on henkil\u00f6kunnan valvomana l\u00e4hd\u00f6n j\u00e4lkeen, matkan aikana ja ennen saapumista. Ilmanvaihto vaihtaa ilmaa useita kertoja tunnissa.<\/li>\n<\/ul>\n<h3>Lemmikit aluksella<\/h3>\n<p>M\/S Fj\u00e4rdv\u00e4gen -aluksella on hyttej\u00e4, joissa lemmikit ovat sallittuja. Lemmikist\u00e4 on ilmoitettava hytin varauksen yhteydess\u00e4. Lemmikin omistaja vastaa omasta el\u00e4imest\u00e4\u00e4n. Lemmikkien j\u00e4tt\u00e4minen ajoneuvoon merimatkan ajaksi tapahtuu omalla vastuulla.<\/p>\n<p>Ajoneuvokannen ovet lukitaan pian l\u00e4hd\u00f6n j\u00e4lkeen ja avataan hieman ennen satamaan saapumista. Huomioithan, ett\u00e4 ajoneuvokannella voi olla eritt\u00e4in kuuma erityisesti kes\u00e4aikaan. Lemmikit on pidett\u00e4v\u00e4 aina kytkettyin\u00e4 aluksella.<\/p>\n<h3>Hytit aluksella<\/h3>\n<p>Aluksella on erikokoisia hyttej\u00e4, mukaan lukien 1\u20133 hengen hytit, allergiahytit sek\u00e4 lemmikkihytit. Kaikki hytit varataan etuk\u00e4teen.<\/p>\n<h3>Moottoripy\u00f6ri\u00e4 koskevat ohjeet ajoneuvokannella<\/h3>\n<p>Ajoneuvokannelle lastattavat moottoripy\u00f6r\u00e4t sijoitetaan aluksen sivuille. Kun sinut on ohjattu omalle paikallesi, kytke ykk\u00f6svaihde ja laske sivujalka alas. \u00c4l\u00e4 k\u00e4yt\u00e4 keskiseisontatukea, sill\u00e4 ajoneuvo saattaa kaatua matkan aikana. Henkil\u00f6kunta auttaa tarvittaessa moottoripy\u00f6r\u00e4n kiinnityksess\u00e4.<\/p>\n<h3>Ravintolat<\/h3>\n<p>Aluksella on kahvila\/ravintola. Lis\u00e4ksi k\u00e4ytett\u00e4viss\u00e4 on automaatteja kahviin, juomiin ja pieniin v\u00e4lipaloihin.<\/p>\n<h3>Esteett\u00f6myys ja avustamispalvelut<\/h3>\n<p>Rahtialus M\/S Fj\u00e4rdv\u00e4gen kuljettaa ainoastaan henkil\u00f6autoilla matkustavia matkustajia. Rakenteensa vuoksi alus ei ole esteet\u00f6n, eik\u00e4 avustamispalveluja tarjota liikenn\u00f6idyiss\u00e4 satamissa. Emme suosittele M\/S Fj\u00e4rdv\u00e4gen -alusta henkil\u00f6ille, joilla on liikkumisrajoitteita.<\/p>\n<h3>Kaasupullojen k\u00e4sittely aluksella<\/h3>\n<p>Matkailuautoissa, asuntovaunuissa ja vastaavissa ajoneuvoissa k\u00e4ytett\u00e4v\u00e4t nestekaasupullot voidaan kuljettaa seuraavin edellytyksin:<\/p>\n<ul>\n<li>Ajoneuvoa kohden saa kuljettaa enint\u00e4\u00e4n 60 litraa nestekaasua yhteens\u00e4 (1 kg kaasua vastaa noin 2 litraa nestemuodossa).<\/li>\n<li>Kaasupullojen tulee olla ehji\u00e4 ja vaurioitumattomia sek\u00e4 t\u00e4ytt\u00e4\u00e4 merkint\u00f6j\u00e4 ja tarkastuksia koskevat turvallisuusvaatimukset. V\u00e4hitt\u00e4iskaupasta ostetut pullot hyv\u00e4ksyt\u00e4\u00e4n.<\/li>\n<li>Kaasun tulee olla tarkoitettu henkil\u00f6kohtaiseen k\u00e4ytt\u00f6\u00f6n, kotitalouteen tai vapaa-ajan k\u00e4ytt\u00f6\u00f6n.<\/li>\n<li>Nestekaasua saa kuljettaa vain ajoneuvoissa, jotka on katsastettu ja hyv\u00e4ksytty t\u00e4h\u00e4n tarkoitukseen.<\/li>\n<\/ul>\n<p><strong>Ohjeet kaasupullojen k\u00e4sittelyst\u00e4 aluksella ja terminaalialueilla:<\/strong><\/p>\n<ul>\n<li>Kaasupulloista on ilmoitettava sis\u00e4\u00e4nkirjautumisen yhteydess\u00e4. Henkil\u00f6kunta antaa ohjeet ja asettaa tarran tai teipin ajoneuvoon pullon sijainnin kohdalle.<\/li>\n<li>Kaasuj\u00e4rjestelm\u00e4n p\u00e4\u00e4venttiilin on oltava suljettu. Kaikki kaasulaitteet, kuten liesi ja j\u00e4\u00e4kaappi, on sammutettava koko ylityksen ajaksi ja terminaalialueella.<\/li>\n<li>Pullot on s\u00e4ilytett\u00e4v\u00e4 pystyasennossa, jotta turvaventtiili toimii oikein.<\/li>\n<li>Kaasupullojen on oltava helposti k\u00e4siksi saatavilla ja nopeasti irrotettavissa matkan aikana.<\/li>\n<li>S\u00e4ilytysluukun on oltava lukitsematon ja selke\u00e4sti merkitty.<\/li>\n<\/ul>\n<p>Kaikki kaasupullot lasketaan t\u00e4yteen painoonsa\/tilavuuteensa t\u00e4ytt\u00f6asteesta riippumatta.<\/p>\n<h2>S\u00e4\u00e4nn\u00f6t ja ehdot<\/h2>\n<h3>Kuljetusehdot<\/h3>\n<p>Varustamo vapautuu vastuusta silt\u00e4 osin kuin voimassa oleva merilaki sallii. Aluksen vastuu matkustajille aiheutuneista vahingoista sek\u00e4 matkatavaroiden tai muun kuljetettavaksi vastaanotetun tavaran vahingoittumisesta tai katoamisesta on rajoitettu merilain m\u00e4\u00e4r\u00e4ysten mukaisesti. Varustamo pid\u00e4tt\u00e4\u00e4 oikeuden kuljettaa rahtia kannella. Matkustaja vastaa itse merilaissa mainituista enimm\u00e4isomavastuista.<\/p>\n<h2>Matkustaminen M\/S Fj\u00e4rdv\u00e4gen -aluksella<\/h2>\n<h3>Lauttamatkan varaus<\/h3>\n<p>Matkustaja- ja ajoneuvopaikat sek\u00e4 ateriat voidaan varata viimeist\u00e4\u00e4n tuntia ennen l\u00e4ht\u00f6\u00e4.<\/p>\n<h3>Maksu<\/h3>\n<p>Lauttamatka maksetaan varauksen yhteydess\u00e4 joko verkossa tai puhelimitse. Maksu voidaan suorittaa pankkisiirrolla tai luotto-\/pankkikortilla. Pid\u00e4t\u00e4mme oikeuden peruuttaa varauksen maksun puuttuessa.<\/p>\n<h3>Matkan muuttaminen tai peruminen<\/h3>\n<p>Mik\u00e4li et pysty matkustamaan, matka on peruttava v\u00e4litt\u00f6m\u00e4sti. Verkkovaraukset voidaan muuttaa tai perua verkossa tai puhelimitse. Puhelimitse tehdyt varaukset voidaan useimmiten muuttaa tai perua verkossa, mutta joissain tapauksissa varauksen sis\u00e4lt\u00f6 edellytt\u00e4\u00e4 puhelimitse teht\u00e4v\u00e4\u00e4 muutosta tai peruutusta.<br \/>\nPuhelin: +358 18-19 150, Ahvenanmaa. Katso aukioloajat t\u00e4\u00e4lt\u00e4.<\/p>\n<p>Hyvityksen saamiseksi matka on peruttava viimeist\u00e4\u00e4n l\u00e4ht\u00f6\u00e4 edelt\u00e4v\u00e4n\u00e4 p\u00e4iv\u00e4n\u00e4. My\u00f6s muutokset on teht\u00e4v\u00e4 viimeist\u00e4\u00e4n l\u00e4ht\u00f6\u00e4 edelt\u00e4v\u00e4n\u00e4 p\u00e4iv\u00e4n\u00e4. Mik\u00e4li meno\u2013paluumatka on varattu samalla varauksella eik\u00e4 menomatkaa ole tehty tai peruttu, varustamo pid\u00e4tt\u00e4\u00e4 oikeuden perua paluumatkan.<\/p>\n<p>Muuta tai peru matkasi, <a href=\"https:\/\/boka.eckerolink.com\/user\/login\">klikkaa t\u00e4st\u00e4<\/a>.<\/p>\n<h3>Hyvitykset<\/h3>\n<p>Hyvityst\u00e4 voi hakea s\u00e4hk\u00f6postitse osoitteeseen <strong>ekonomi.aland@eckerolink.com<\/strong>. Hakemuksessa tulee ilmoittaa nimi, varausnumero, IBAN-tilinumero sek\u00e4 liitt\u00e4\u00e4 kopio maksukuitista. Hyvityshakemus on toimitettava viimeist\u00e4\u00e4n 14 p\u00e4iv\u00e4n kuluessa peruutuksesta.<\/p>\n<h3>Reklamaatiot<\/h3>\n<p>Mahdolliset huomautukset on esitett\u00e4v\u00e4 v\u00e4litt\u00f6m\u00e4sti aluksen asianomaiselle osastolle heti virheen havaitsemisen j\u00e4lkeen. Mik\u00e4li asiaa ei korjata viipym\u00e4tt\u00e4, kirjallinen korvausvaatimus voidaan toimittaa Ecker\u00f6 Link Ab:lle 21 p\u00e4iv\u00e4n kuluessa matkan p\u00e4\u00e4ttymisest\u00e4 edellytt\u00e4en, ett\u00e4 matkustaja on toiminut edell\u00e4 kuvatulla tavalla eik\u00e4 korjausta ole tehty. Liit\u00e4 hakemukseen nimesi, varausnumerosi, mahdolliset kuitit sek\u00e4 selvitys tapahtumasta. L\u00e4het\u00e4 hakemus s\u00e4hk\u00f6postitse osoitteeseen <strong>feedback@eckerolink.com<\/strong>.<\/p>\n<h3>Ylivoimainen este (Force majeure)<\/h3>\n<p>Ylivoimaisesta esteest\u00e4, kuten huonosta s\u00e4\u00e4st\u00e4, luonnonkatastrofista, lakosta, mellakasta, tulipalosta, sotatoimista tai vastaavista syist\u00e4 johtuen Ecker\u00f6 Link voi perua l\u00e4hd\u00f6t. Varauksen tehneisiin matkustajiin otetaan yhteytt\u00e4 tekstiviestitse ja heit\u00e4 pyydet\u00e4\u00e4n ottamaan yhteytt\u00e4 Ecker\u00f6 Linkiin uudelleenvarausta tai hyvityst\u00e4 varten. Ylivoimaisen esteen yhteydess\u00e4, eli tapahtumissa joihin emme voi itse vaikuttaa, muiden varustamojen matkoja tai muita peruutuksesta aiheutuneita kuluja ei yleens\u00e4 korvata.<\/p>\n<h3>J\u00e4rjestys- ja turvallisuusm\u00e4\u00e4r\u00e4ykset<\/h3>\n<p>Aluksen p\u00e4\u00e4llik\u00f6ll\u00e4 tai h\u00e4nen valtuuttamallaan henkil\u00f6ll\u00e4 on oikeus kielt\u00e4yty\u00e4 kuljettamasta matkustajia, joiden voidaan olettaa h\u00e4iritsev\u00e4n j\u00e4rjestyst\u00e4 tai turvallisuutta aluksella. Matkustajien on noudatettava aluksella ja terminaalissa esill\u00e4 olevia ohjeita, j\u00e4rjestyss\u00e4\u00e4nt\u00f6j\u00e4 sek\u00e4 miehist\u00f6n antamia ohjeita.<\/p>\n<p>Elintarvikkeita, jotka on tarkoitettu nautittavaksi aluksen ravintoloissa, ei saa tuoda alukselle ilman miehist\u00f6n lupaa. Vauvanruoka ja erityisruokavaliot allergisille ovat kuitenkin sallittuja. Alkoholijuomien tai muiden huumaavien aineiden tuominen alukselle sek\u00e4 mukana tuodun alkoholin nauttiminen aluksella on kielletty. P\u00e4ihtyneet tai h\u00e4iri\u00f6t\u00e4 aiheuttavat matkustajat voidaan poistaa alukselta.<\/p>\n<p>Ilman erityislupaa matkustajat eiv\u00e4t saa tuoda alukselle aseita, varusteita tai muita esineit\u00e4, jotka voivat vaarantaa matkustajien, miehist\u00f6n tai aluksen turvallisuuden. Matkustajan on pyynn\u00f6st\u00e4 luovutettava t\u00e4llaiset esineet miehist\u00f6lle s\u00e4ilytett\u00e4v\u00e4ksi matkan ajaksi. Matkustaja, joka kielt\u00e4ytyy esitt\u00e4m\u00e4st\u00e4 mukanaan olevia matkatavaroita, voidaan ev\u00e4t\u00e4 alukselle p\u00e4\u00e4sy. T\u00e4llaisessa tapauksessa matkustajalla ei ole oikeutta lipun hinnan palautukseen eik\u00e4 muihin korvauksiin.<\/p>\n<h3>Aluksen p\u00e4\u00e4llik\u00f6n harkintavalta<\/h3>\n<p>Kaikkien matkustajien ja miehist\u00f6n turvallisuus on ensiarvoisen t\u00e4rke\u00e4\u00e4. Turvallisuuden yll\u00e4pit\u00e4miseksi oikeus p\u00e4\u00e4tt\u00e4\u00e4 matkustusluvasta ja saattajien k\u00e4yt\u00f6st\u00e4 kuuluu aluksen p\u00e4\u00e4llik\u00f6lle.<\/p>\n<h3>Meriturvallisuus<\/h3>\n<p>Lauttamatka kest\u00e4\u00e4 vain muutaman tunnin ja kulkee suojaisilla saaristoreiteill\u00e4. Maa on koko ajan n\u00e4kyviss\u00e4 ja aallokko on v\u00e4h\u00e4ist\u00e4, mik\u00e4 tekee matkasta miellytt\u00e4v\u00e4n ja turvallisen. Tarvittaessa nopeutta voidaan s\u00e4\u00e4t\u00e4\u00e4 ja vaihtoehtoisia v\u00e4yli\u00e4 tai kohtaamispaikkoja k\u00e4ytt\u00e4\u00e4 vilkkaan liikenteen v\u00e4ltt\u00e4miseksi ja parhaiden olosuhteiden varmistamiseksi.<\/p>\n<p>Aluksemme on huolellisesti tarkastettu ja merenkulkuviranomaisten hyv\u00e4ksym\u00e4. Aluksella on nykyaikaiset turvallisuusvarusteet ja valvontaj\u00e4rjestelm\u00e4t, joita tarkastetaan jatkuvasti. Turvatiedot ovat saatavilla ruotsiksi, suomeksi ja englanniksi, jotta kaikki matkustajat voivat helposti tutustua t\u00e4rkeisiin ohjeisiin.<\/p>\n<p>Alus purjehtii Suomen lipun alla ja t\u00e4ytt\u00e4\u00e4 kaikki kansainv\u00e4liset turvallisuusvaatimukset. Korkeimman turvallisuustason yll\u00e4pit\u00e4miseksi j\u00e4rjestet\u00e4\u00e4n s\u00e4\u00e4nn\u00f6llisi\u00e4 turvallisuusharjoituksia viikoittain. Miehist\u00f6mme on koulutettu k\u00e4sittelem\u00e4\u00e4n kaikenlaisia tilanteita ja on aina valmiina auttamaan sinua. Mik\u00e4li sinulla on kysytt\u00e4v\u00e4\u00e4 tai huolia, \u00e4l\u00e4 ep\u00e4r\u00f6i ottaa yhteytt\u00e4 henkil\u00f6kuntaamme \u2013 olemme t\u00e4\u00e4ll\u00e4 sinun turvallisuuttasi varten.<\/p>\n<div>\n<div>\n<div class=\"___1j4t0a1 f1lmfglv f1abmfm4\" dir=\"auto\" aria-hidden=\"true\" data-testid=\"markdown-reply\" data-message-type=\"Chat\">\n<div class=\"___1obcdld f22iagw f1vx9l62 f1i1t7jz fk15e71 f1k953kz f137keqj f1rncccw f1stllg3 f1w4kmmc f1tric3v f10dk5ic fx8cdsv f16nlwsl f1eookvz fhjrts3 fqugt2f f18d18k8 f1v1vhmp f1hdmul3 f198vjnp f2dshw1 fjpjndq fnmj2pj ffrrb40 f1mon110 fhajzam fimndk6 fxv4dng fb1rn9k f59wlhv f1xmfh30 f18yf5o5 fmr6chf fw8qy2q ff161sd f1qr7t77 f1yyogn1 foogchg fp5872b f1tpb8gf f1hdgrc8 f1vatr43 frkxccd f9pdzkb f158oiaz ft5kggy f5l4ui7 f13j03li f18xdoka f8off4e f1go6zfc f128n2ra f1jpxw2j f1lwd9n0 fy0b8hm f1g2633v fx4kvgi fkvolse f1gxrt3a f1os76ua f1js9cnw f1g87ej0 freluf8 f1yggaq6 f2i3chp f1151osp florpoh f35kzfz ftp9m57 f1e288vi fz62hnz fixvuys f1nmofwh fc1c6mv f18a2er7 fhvkrdl fhxnn68 f1oce4bo fvhlfan f7tc0t0 f1ngf1n2 ffrzq6x f1yjiq2m f1aqdgql f1huvaf f10ij78l f1k94sa4 fkmfumq f1jvzkyl f1eu24ob f1xbfc1f fmf0lwf f107dsy8 f3w566c f4648sl f13zpkng f7unjfp f8p1rz fzu6h1w f1i1bi6h f1smo7hi f1sk1xod f1kgogdq f1gjktkp ft608jz f19dd9cz fg3xr24 fhd155k f1b8gl2e fg4b9ou flb4lo fdicbfk fgwcyh1 f1jbds0d f1fb9uea f1stuka4 fcrtu6g fwqh0xn f11w66yg f6e0e65 f1vvgu0 f1607507 fgct6un f1ec1nbe f1m9bycv f1ntoah8 f1b694rt faql4r2 fpjuhzh fmavl6h f1d9bsk fmzhlt0 f145l92p fwkyaqm f129obh1 f19la9g f127w39w fr0ux9m fxhidck f1cu4h9j f1wnbo7v f1eueg4z fy9c24f f1h2o91j f1iw08fq\"><\/div>\n<\/div>\n<\/div>\n<\/div>\n<\/div><\/section>\n","protected":false},"excerpt":{"rendered":"","protected":false},"author":1,"featured_media":0,"parent":0,"menu_order":0,"comment_status":"closed","ping_status":"closed","template":"","meta":{"footnotes":""},"class_list":["post-223","page","type-page","status-publish","hentry"],"_links":{"self":[{"href":"https:\/\/eckerolink.com\/fi\/wp-json\/wp\/v2\/pages\/223","targetHints":{"allow":["GET"]}}],"collection":[{"href":"https:\/\/eckerolink.com\/fi\/wp-json\/wp\/v2\/pages"}],"about":[{"href":"https:\/\/eckerolink.com\/fi\/wp-json\/wp\/v2\/types\/page"}],"author":[{"embeddable":true,"href":"https:\/\/eckerolink.com\/fi\/wp-json\/wp\/v2\/users\/1"}],"replies":[{"embeddable":true,"href":"https:\/\/eckerolink.com\/fi\/wp-json\/wp\/v2\/comments?post=223"}],"version-history":[{"count":4,"href":"https:\/\/eckerolink.com\/fi\/wp-json\/wp\/v2\/pages\/223\/revisions"}],"predecessor-version":[{"id":268,"href":"https:\/\/eckerolink.com\/fi\/wp-json\/wp\/v2\/pages\/223\/revisions\/268"}],"wp:attachment":[{"href":"https:\/\/eckerolink.com\/fi\/wp-json\/wp\/v2\/media?parent=223"}],"curies":[{"name":"wp","href":"https:\/\/api.w.org\/{rel}","templated":true}]}}