{"id":31,"date":"2025-10-16T13:01:39","date_gmt":"2025-10-16T13:01:39","guid":{"rendered":"https:\/\/eckerolink.com\/?page_id=31"},"modified":"2026-02-25T15:52:11","modified_gmt":"2026-02-25T13:52:11","slug":"start-page","status":"publish","type":"page","link":"https:\/\/eckerolink.com\/en\/","title":{"rendered":"Start page"},"content":{"rendered":"<div id='full_slider_1'  class='avia-fullwidth-slider main_color avia-shadow   avia-builder-el-0  el_before_av_section  avia-builder-el-first   container_wrap fullsize'  ><div  class='avia-slideshow av-mgtfoefd-c892d4b8ca276a1d9c6c618692e30e1b avia-slideshow-featured_large av_slideshow_full avia-slide-slider av-slideshow-ui av-control-default av-slideshow-manual av-loop-once av-loop-manual-endless av-default-height-applied   avia-slideshow-1' data-slideshow-options=\"{&quot;animation&quot;:&quot;slide&quot;,&quot;autoplay&quot;:false,&quot;loop_autoplay&quot;:&quot;once&quot;,&quot;interval&quot;:5,&quot;loop_manual&quot;:&quot;manual-endless&quot;,&quot;autoplay_stopper&quot;:false,&quot;noNavigation&quot;:false,&quot;bg_slider&quot;:false,&quot;keep_padding&quot;:false,&quot;hoverpause&quot;:false,&quot;show_slide_delay&quot;:0}\"  itemprop=\"image\" itemscope=\"itemscope\" itemtype=\"https:\/\/schema.org\/ImageObject\" ><ul class='avia-slideshow-inner ' style='padding-bottom: 42%;'><li  class='avia-slideshow-slide av-mgtfoefd-c892d4b8ca276a1d9c6c618692e30e1b__0  av-single-slide slide-1 slide-odd'><div data-rel='slideshow-1' class='avia-slide-wrap '   ><img decoding=\"async\" fetchpriority=\"high\" class=\"wp-image-215 avia-img-lazy-loading-not-215\"  src=\"https:\/\/eckerolink.com\/wp-content\/uploads\/2026\/02\/Fjardvagen-Langnas-1-1500x630.jpg\" width=\"1500\" height=\"630\" title='Fjardvagen-Langnas' alt=''  itemprop=\"thumbnailUrl\"   \/><\/div><\/li><\/ul><\/div><\/div>\n\n<style type=\"text\/css\" data-created_by=\"avia_inline_auto\" id=\"style-css-av-mgyuba2y-d87fc53a0b36166f43c24af381921064\">\n.avia-section.av-mgyuba2y-d87fc53a0b36166f43c24af381921064{\nbackground-color:#efefef;\nbackground-image:unset;\n}\n<\/style>\n<div id='av_section_1'  class='avia-section av-mgyuba2y-d87fc53a0b36166f43c24af381921064 main_color avia-section-default avia-no-border-styling  avia-builder-el-1  el_after_av_slideshow_full  avia-builder-el-last  avia-bg-style-scroll container_wrap fullsize'  ><div class='container av-section-cont-open' ><div class='template-page content  av-content-full alpha units'><div class='post-entry post-entry-type-page post-entry-31'><div class='entry-content-wrapper clearfix'>\n\n<style type=\"text\/css\" data-created_by=\"avia_inline_auto\" id=\"style-css-av-mgtfoy4l-e47a5596c1f6b79528dd3d2053c7686f\">\n#top .av-special-heading.av-mgtfoy4l-e47a5596c1f6b79528dd3d2053c7686f{\npadding-bottom:10px;\n}\nbody .av-special-heading.av-mgtfoy4l-e47a5596c1f6b79528dd3d2053c7686f .av-special-heading-tag .heading-char{\nfont-size:25px;\n}\n.av-special-heading.av-mgtfoy4l-e47a5596c1f6b79528dd3d2053c7686f .av-subheading{\nfont-size:15px;\n}\n<\/style>\n<div  class='av-special-heading av-mgtfoy4l-e47a5596c1f6b79528dd3d2053c7686f av-special-heading-h1 blockquote elegant-quote elegant-centered  avia-builder-el-2  el_before_av_one_fourth  avia-builder-el-first '><h1 class='av-special-heading-tag '  itemprop=\"headline\"  ><span class=\"heading-wrap\">Ecker\u00f6 Link &#8211; Fj\u00e4rdv\u00e4gen<\/span><\/h1><div class=\"special-heading-border\"><div class=\"special-heading-inner-border\"><\/div><\/div><\/div>\n<div class='flex_column_table av-209kf-0acfe08827580d0f3c6ee3b13af2280e sc-av_one_fourth av-equal-height-column-flextable'>\n<style type=\"text\/css\" data-created_by=\"avia_inline_auto\" id=\"style-css-av-209kf-0acfe08827580d0f3c6ee3b13af2280e\">\n.flex_column.av-209kf-0acfe08827580d0f3c6ee3b13af2280e{\nborder-radius:8px 8px 8px 8px;\npadding:12px 12px 12px 12px;\nbackground-color:#efefef;\n}\n<\/style>\n<div  class='flex_column av-209kf-0acfe08827580d0f3c6ee3b13af2280e av_one_fourth  avia-builder-el-3  el_after_av_heading  el_before_av_one_half  first flex_column_table_cell av-equal-height-column av-align-top  '     ><section  class='av_textblock_section av-mgtfzd1l-56474cda45912e366114635408fcac24 '   itemscope=\"itemscope\" itemtype=\"https:\/\/schema.org\/CreativeWork\" ><div class='avia_textblock'  itemprop=\"text\" ><h2>MS Fj\u00e4rdv\u00e4gen<\/h2>\n<p>\n<style type=\"text\/css\" data-created_by=\"avia_inline_auto\" id=\"style-css-av-1678j-cf9863fe3ce4c447b08a303e0dd8448f\">\n.av_font_icon.av-1678j-cf9863fe3ce4c447b08a303e0dd8448f .av-icon-char{\nfont-size:24px;\n}\n<\/style>\n<span  class='av_font_icon av-1678j-cf9863fe3ce4c447b08a303e0dd8448f avia_animate_when_visible av-icon-style- avia-icon-pos-left avia-svg-icon avia-font-svg_entypo-fontello av-no-color avia-icon-animate'><span class='av-icon-char' data-av_svg_icon='phone' data-av_iconset='svg_entypo-fontello' ><svg version=\"1.1\" xmlns=\"http:\/\/www.w3.org\/2000\/svg\" width=\"26\" height=\"32\" viewBox=\"0 0 26 32\" preserveAspectRatio=\"xMidYMid meet\" aria-labelledby='av-svg-title-1' aria-describedby='av-svg-desc-1' role=\"graphics-symbol\" aria-hidden=\"true\">\n<title id='av-svg-title-1'>Phone<\/title>\n<desc id='av-svg-desc-1'>Phone<\/desc>\n<path d=\"M14.752 17.92q5.184-5.184 3.776-6.592l-0.256-0.256q-0.96-0.96-1.312-1.536t-0.128-1.728 1.568-2.816q0.64-0.768 1.184-1.248t1.12-0.512 0.96-0.032 0.928 0.416 0.768 0.576 0.832 0.8 0.672 0.704q1.536 1.536-0.192 6.208t-6.528 9.408q-4.8 4.8-9.44 6.56t-6.176 0.224q-0.064-0.064-0.736-0.704t-0.8-0.8-0.576-0.768-0.416-0.992 0.064-0.96 0.48-1.12 1.216-1.184q1.344-1.088 2.24-1.504t1.728-0.064 1.12 0.576 1.248 1.184q1.408 1.408 6.656-3.84z\"><\/path>\n<\/svg><\/span><\/span> <a href=\"tel:+358408094612\"><span data-teams=\"true\">+358 408094612<br \/>\n<\/span><\/a><\/p>\n<p>Email: <a href=\"mailto:bridge.fjardvagen@eckerolink.com\"><span data-teams=\"true\">bridge.fjardvagen@eckerolink.com<\/span><\/a><\/p>\n<\/div><\/section><br \/>\n<section  class='av_textblock_section av-mgtgc7dz-2ff32bd8c9eef1b0dfd2c7453ff7fe4e '   itemscope=\"itemscope\" itemtype=\"https:\/\/schema.org\/CreativeWork\" ><div class='avia_textblock'  itemprop=\"text\" ><h3>Cargo booking<\/h3>\n<p>Monday-Friday 08:00-16:00 hrs<\/p>\n<p>Telephone: <a href=\"tel:+3581819150\">+358 18 19 150<\/a><br \/>\nMail: <a href=\"mailto:cargo@eckerolink.com\">cargo@eckerolink.com<\/a><\/p>\n<\/div><\/section><\/p><\/div><div class='av-flex-placeholder'><\/div>\n<style type=\"text\/css\" data-created_by=\"avia_inline_auto\" id=\"style-css-av-1fno3-b40c6e27ea8641729a72d61f43509cfc\">\n@keyframes av_boxShadowEffect_av-1fno3-b40c6e27ea8641729a72d61f43509cfc-row {\n0%   { box-shadow:  0 0 0 0 #efefef; opacity: 1; }\n100% { box-shadow:  0 0 10px 0 #efefef; opacity: 1; }\n}\n.flex_column_table.av-equal-height-column-flextable.av-1fno3-b40c6e27ea8641729a72d61f43509cfc{\nbox-shadow: 0 0 10px 0 #efefef;\n}\n.flex_column.av-1fno3-b40c6e27ea8641729a72d61f43509cfc{\nborder-width:1px;\nborder-color:#0a0a0a;\nborder-style:solid;\nborder-radius:12px 12px 12px 12px;\npadding:16px 16px 16px 16px;\nbackground-color:#efefef;\n}\n<\/style>\n<div  class='flex_column av-1fno3-b40c6e27ea8641729a72d61f43509cfc av_one_half  avia-builder-el-7  el_after_av_one_fourth  el_before_av_one_fourth  flex_column_table_cell av-equal-height-column av-align-top  '     ><p><div class='avia-data-table-wrap av-vv1dz-34301a1ae0e3d47b7fd374e1df8e5cbb avia_scrollable_table avia-table-1'><table  class='avia-table avia-data-table avia_pricing_minimal  avia-builder-el-8  el_before_av_textblock  avia-builder-el-first  timetable'  itemscope=\"itemscope\" itemtype=\"https:\/\/schema.org\/Table\" ><tbody><tr class='avia-heading-row'><th class='avia-desc-col'>M\/S Fj\u00e4rdv\u00e4gen<br \/>\n01.01.2026<\/th><th class=''>route<\/th><th class=''>departure &#8211; arrival<\/th><\/tr><tr class=''><th class='avia-desc-col'>Monday<\/th><td class=''>L\u00e5ngn\u00e4s &#8211; N\u00e5dendal<\/td><td class=''>14:00 &#8211; 19:00<\/td><\/tr><tr class=''><th class='avia-desc-col'><\/th><td class=''>N\u00e5dendal &#8211; L\u00e5ngn\u00e4s<\/td><td class=''>23:30 &#8211; 04:20<\/td><\/tr><tr class=''><th class='avia-desc-col'>Tuesday<\/th><td class=''>L\u00e5ngn\u00e4s &#8211; N\u00e5dendal<\/td><td class=''>14:00 &#8211; 19:00<\/td><\/tr><tr class=''><th class='avia-desc-col'><\/th><td class=''>N\u00e5dendal &#8211; L\u00e5ngn\u00e4s<\/td><td class=''>23:30 &#8211; 05:30 \u26a0\ufe0f<\/td><\/tr><tr class=''><th class='avia-desc-col'>Wednesday<\/th><td class=''>L\u00e5ngn\u00e4s &#8211; N\u00e5dendal<\/td><td class=''>14:00 &#8211; 19:00<\/td><\/tr><tr class=''><th class='avia-desc-col'><\/th><td class=''>N\u00e5dendal &#8211; L\u00e5ngn\u00e4s<\/td><td class=''>23:30 &#8211; 04:20<\/td><\/tr><tr class=''><th class='avia-desc-col'>Thursday<\/th><td class=''>L\u00e5ngn\u00e4s &#8211; N\u00e5dendal<\/td><td class=''>14:00 &#8211; 19:00<\/td><\/tr><tr class=''><th class='avia-desc-col'><\/th><td class=''>N\u00e5dendal &#8211; L\u00e5ngn\u00e4s<\/td><td class=''>23:30 &#8211; 04:20<\/td><\/tr><tr class=''><th class='avia-desc-col'>Friday<\/th><td class=''>L\u00e5ngn\u00e4s &#8211; N\u00e5dendal<\/td><td class=''>14:00 &#8211; 19:00<\/td><\/tr><tr class=''><th class='avia-desc-col'><\/th><td class=''>N\u00e5dendal &#8211; L\u00e5ngn\u00e4s<\/td><td class=''>23:30 &#8211; 04:20<\/td><\/tr><tr class=''><th class='avia-desc-col'>Saturday<\/th><td class=''>L\u00e5ngn\u00e4s &#8211; N\u00e5dendal<\/td><td class=''>09:00 &#8211; 14:00<\/td><\/tr><tr class=''><th class='avia-desc-col'>Sunday<\/th><td class=''>N\u00e5dendal &#8211; L\u00e5ngn\u00e4s<\/td><td class=''>23:30 &#8211; 04:20<\/td><\/tr><\/tbody><\/table><\/div><br \/>\n<section  class='av_textblock_section av-nxob-d656742292b4447b0cae17c87130bddd '   itemscope=\"itemscope\" itemtype=\"https:\/\/schema.org\/CreativeWork\" ><div class='avia_textblock'  itemprop=\"text\" ><h3>Cargo must arrive at the port no later than 1 hour before departure. For IMO cargo, the deadline is no later than 1.5 hours before departure.<\/h3>\n<\/div><\/section><\/p><\/div><div class='av-flex-placeholder'><\/div>\n<style type=\"text\/css\" data-created_by=\"avia_inline_auto\" id=\"style-css-av-159in-a7387ed1351adfeb24ab2e3d63577a4b\">\n@keyframes av_boxShadowEffect_av-159in-a7387ed1351adfeb24ab2e3d63577a4b-row {\n0%   { box-shadow:  0 0 0 0 #efefef; opacity: 1; }\n100% { box-shadow:  0 0 10px 0 #efefef; opacity: 1; }\n}\n.flex_column_table.av-equal-height-column-flextable.av-159in-a7387ed1351adfeb24ab2e3d63577a4b{\nbox-shadow: 0 0 10px 0 #efefef;\n}\n.flex_column.av-159in-a7387ed1351adfeb24ab2e3d63577a4b{\nborder-radius:8px 8px 8px 8px;\npadding:12px 12px 12px 12px;\nbackground-color:#efefef;\n}\n<\/style>\n<div  class='flex_column av-159in-a7387ed1351adfeb24ab2e3d63577a4b av_one_fourth  avia-builder-el-10  el_after_av_one_half  el_before_av_one_fourth  flex_column_table_cell av-equal-height-column av-align-top  '     ><style type=\"text\/css\" data-created_by=\"avia_inline_auto\" id=\"style-css-av-vngb-6c44f7b7e4c29b7cb2028ea37c102b35\">\n.avia-team-member.av-vngb-6c44f7b7e4c29b7cb2028ea37c102b35 .team-img-container img{\nborder-style:solid;\nborder-width:1px 1px 1px 1px;\nborder-color:#0a0a0a;\nborder-radius:8px 8px 8px 8px;\n}\n<\/style>\n<section  class='avia-team-member av-vngb-6c44f7b7e4c29b7cb2028ea37c102b35  avia-builder-el-11  avia-builder-el-no-sibling '  itemscope=\"itemscope\" itemtype=\"https:\/\/schema.org\/Person\" ><h3 class='team-member-name '  itemprop=\"name\" >Jonas Henriksson<\/h3><div class='team-member-job-title '  itemprop=\"jobTitle\" >Managing Director<\/div><div class='team-member-description '  itemprop=\"description\" ><p>jonas.henriksson@eckerolink.com<br \/>\n+358 40 5801 847<\/p>\n<\/div><span class='hidden team-member-affiliation'  itemprop=\"affiliation\" >Ecker\u00f6 Link<\/span><\/section><\/div><\/div><!--close column table wrapper. Autoclose: 1 --><div class='flex_column_table av-1d8mr-9927ed042c0f999af2a8e7b0a76b6b47 sc-av_one_fourth av-equal-height-column-flextable shadow-not-animated'>\n<style type=\"text\/css\" data-created_by=\"avia_inline_auto\" id=\"style-css-av-1d8mr-9927ed042c0f999af2a8e7b0a76b6b47\">\n@keyframes av_boxShadowEffect_av-1d8mr-9927ed042c0f999af2a8e7b0a76b6b47-row {\n0%   { box-shadow:  0 0 0 0 #efefef; opacity: 1; }\n100% { box-shadow:  0 0 10px 0 #efefef; opacity: 1; }\n}\n.flex_column_table.av-equal-height-column-flextable.av-1d8mr-9927ed042c0f999af2a8e7b0a76b6b47{\nbox-shadow: 0 0 10px 0 #efefef;\n}\n.flex_column.av-1d8mr-9927ed042c0f999af2a8e7b0a76b6b47{\nborder-radius:8px 8px 8px 8px;\npadding:12px 12px 12px 12px;\nbackground-color:#efefef;\n}\n<\/style>\n<div  class='flex_column av-1d8mr-9927ed042c0f999af2a8e7b0a76b6b47 av_one_fourth  avia-builder-el-12  el_after_av_one_fourth  avia-builder-el-last  first flex_column_table_cell av-equal-height-column av-align-top  column-top-margin'     ><\/div><\/div><!--close column table wrapper. Autoclose: 1 -->\n\n","protected":false},"excerpt":{"rendered":"","protected":false},"author":1,"featured_media":0,"parent":0,"menu_order":0,"comment_status":"closed","ping_status":"closed","template":"","meta":{"footnotes":""},"class_list":["post-31","page","type-page","status-publish","hentry"],"_links":{"self":[{"href":"https:\/\/eckerolink.com\/en\/wp-json\/wp\/v2\/pages\/31","targetHints":{"allow":["GET"]}}],"collection":[{"href":"https:\/\/eckerolink.com\/en\/wp-json\/wp\/v2\/pages"}],"about":[{"href":"https:\/\/eckerolink.com\/en\/wp-json\/wp\/v2\/types\/page"}],"author":[{"embeddable":true,"href":"https:\/\/eckerolink.com\/en\/wp-json\/wp\/v2\/users\/1"}],"replies":[{"embeddable":true,"href":"https:\/\/eckerolink.com\/en\/wp-json\/wp\/v2\/comments?post=31"}],"version-history":[{"count":20,"href":"https:\/\/eckerolink.com\/en\/wp-json\/wp\/v2\/pages\/31\/revisions"}],"predecessor-version":[{"id":216,"href":"https:\/\/eckerolink.com\/en\/wp-json\/wp\/v2\/pages\/31\/revisions\/216"}],"wp:attachment":[{"href":"https:\/\/eckerolink.com\/en\/wp-json\/wp\/v2\/media?parent=31"}],"curies":[{"name":"wp","href":"https:\/\/api.w.org\/{rel}","templated":true}]}}